{"id":5598,"date":"2025-08-09T21:31:45","date_gmt":"2025-08-09T21:31:45","guid":{"rendered":"https:\/\/durabilite-afrique-guinee.com\/?page_id=5598"},"modified":"2026-02-25T19:35:13","modified_gmt":"2026-02-25T19:35:13","slug":"articles-recents","status":"publish","type":"page","link":"https:\/\/durabilite-afrique-guinee.com\/en\/articles-recents\/","title":{"rendered":"Recent articles"},"content":{"rendered":"<div class=\"wp-block-uagb-advanced-heading uagb-block-2a3fdc22\"><h2 class=\"uagb-heading-text\">Recent articles<\/h2><\/div>\n\n\n\n<figure class=\"wp-block-image aligncenter size-full is-resized\"><img loading=\"lazy\" decoding=\"async\" width=\"350\" height=\"245\" src=\"https:\/\/durabilite-afrique-guinee.com\/wp-content\/uploads\/2025\/08\/photo-canva-plante-6.png\" alt=\"photo canva plante\" class=\"wp-image-5908\" style=\"width:178px;height:auto\" title=\"Recent articles\" srcset=\"https:\/\/durabilite-afrique-guinee.com\/wp-content\/uploads\/2025\/08\/photo-canva-plante-6.png 350w, https:\/\/durabilite-afrique-guinee.com\/wp-content\/uploads\/2025\/08\/photo-canva-plante-6-300x210.png 300w\" sizes=\"auto, (max-width: 350px) 100vw, 350px\" \/><\/figure>\n\n\n\n<div class=\"wp-block-columns is-layout-flex wp-container-core-columns-is-layout-28f84493 wp-block-columns-is-layout-flex\">\n<div class=\"wp-block-column is-layout-flow wp-block-column-is-layout-flow\">\n<div class=\"wp-block-uagb-image uagb-block-abdcf6bf wp-block-uagb-image--layout-default wp-block-uagb-image--effect-static wp-block-uagb-image--align-none\"><figure class=\"wp-block-uagb-image__figure\"><img decoding=\"async\" srcset=\"https:\/\/durabilite-afrique-guinee.com\/wp-content\/uploads\/2026\/02\/Ecole-Ecocitoyenne.png ,https:\/\/durabilite-afrique-guinee.com\/wp-content\/uploads\/2026\/02\/Ecole-Ecocitoyenne.png 780w, https:\/\/durabilite-afrique-guinee.com\/wp-content\/uploads\/2026\/02\/Ecole-Ecocitoyenne.png 360w\" sizes=\"auto, (max-width: 480px) 150px\" src=\"https:\/\/durabilite-afrique-guinee.com\/wp-content\/uploads\/2026\/02\/Ecole-Ecocitoyenne.png\" alt=\"\u00c9cole \u00c9cocitoyenne\" class=\"uag-image-6146\" width=\"1024\" height=\"683\" title=\"\u00c9cole \u00c9cocitoyenne\" loading=\"lazy\" role=\"img\"\/><\/figure><\/div>\n\n\n\n<h4 class=\"wp-block-heading has-text-align-center\">Eco-citizenship and sustainable education in Africa<\/h4>\n\n\n\n<div class=\"wp-block-uagb-buttons uagb-buttons__outer-wrap uagb-btn__default-btn uagb-btn-tablet__default-btn uagb-btn-mobile__default-btn uagb-block-0fb735df\"><div class=\"uagb-buttons__wrap uagb-buttons-layout-wrap\">\n<div class=\"wp-block-uagb-buttons-child uagb-buttons__outer-wrap uagb-block-7148bb45 wp-block-button\"><div class=\"uagb-button__wrapper\"><a class=\"uagb-buttons-repeater wp-block-button__link\" aria-label=\"\" href=\"https:\/\/durabilite-afrique-guinee.com\/en\/ecocitoyennete-et-education-durable-en-afrique\/\" rel=\"follow noopener\" target=\"_self\" role=\"button\"><div class=\"uagb-button__link\">READ THE ARTICLE<\/div><\/a><\/div><\/div>\n<\/div><\/div>\n<\/div>\n\n\n\n<div class=\"wp-block-column is-layout-flow wp-block-column-is-layout-flow\">\n<div class=\"wp-block-uagb-image uagb-block-eb2b76ab wp-block-uagb-image--layout-default wp-block-uagb-image--effect-static wp-block-uagb-image--align-none\"><figure class=\"wp-block-uagb-image__figure\"><img decoding=\"async\" srcset=\"https:\/\/durabilite-afrique-guinee.com\/wp-content\/uploads\/2025\/10\/Panneaux_Solaires_Colline_Afrique-1024x682.jpg ,https:\/\/durabilite-afrique-guinee.com\/wp-content\/uploads\/2025\/10\/Panneaux_Solaires_Colline_Afrique.jpg 780w, https:\/\/durabilite-afrique-guinee.com\/wp-content\/uploads\/2025\/10\/Panneaux_Solaires_Colline_Afrique.jpg 360w\" sizes=\"auto, (max-width: 480px) 150px\" src=\"https:\/\/durabilite-afrique-guinee.com\/wp-content\/uploads\/2025\/10\/Panneaux_Solaires_Colline_Afrique-1024x682.jpg\" alt=\"panneaux solaires colline afrique\" class=\"uag-image-6124\" width=\"1024\" height=\"683\" title=\"panneaux solaires colline afrique\" loading=\"lazy\" role=\"img\"\/><\/figure><\/div>\n\n\n\n<h4 class=\"wp-block-heading has-text-align-center\"><strong>Solar energy: challenges to overcome... and hope to cultivate<\/strong><\/h4>\n\n\n\n<div class=\"wp-block-buttons is-content-justification-center is-layout-flex wp-container-core-buttons-is-layout-098cc607 wp-block-buttons-is-layout-flex\">\n<div class=\"wp-block-button\"><a class=\"wp-block-button__link wp-element-button\" href=\"https:\/\/durabilite-afrique-guinee.com\/en\/lenergie-solaire-defis-a-relever-et-espoir-a-cultiver\/\">read the article<\/a><\/div>\n<\/div>\n<\/div>\n\n\n\n<div class=\"wp-block-column is-layout-flow wp-block-column-is-layout-flow\">\n<div class=\"wp-block-uagb-image uagb-block-e991503c wp-block-uagb-image--layout-default wp-block-uagb-image--effect-static wp-block-uagb-image--align-none\"><figure class=\"wp-block-uagb-image__figure\"><img decoding=\"async\" srcset=\"https:\/\/durabilite-afrique-guinee.com\/wp-content\/uploads\/2025\/09\/INCLUSION-DEVELOPPEMENT-DURABLE-GUINEE-1.png ,https:\/\/durabilite-afrique-guinee.com\/wp-content\/uploads\/2025\/09\/INCLUSION-DEVELOPPEMENT-DURABLE-GUINEE-1.png 780w, https:\/\/durabilite-afrique-guinee.com\/wp-content\/uploads\/2025\/09\/INCLUSION-DEVELOPPEMENT-DURABLE-GUINEE-1.png 360w\" sizes=\"auto, (max-width: 480px) 150px\" src=\"https:\/\/durabilite-afrique-guinee.com\/wp-content\/uploads\/2025\/09\/INCLUSION-DEVELOPPEMENT-DURABLE-GUINEE-1.png\" alt=\"inclusion developpement durable guinee\" class=\"uag-image-6094\" width=\"512\" height=\"355\" title=\"inclusion developpement durable guinee\" loading=\"lazy\" role=\"img\"\/><\/figure><\/div>\n\n\n\n<h4 class=\"wp-block-heading\">Inclusion and sustainable development in Guinea: a major challenge<\/h4>\n\n\n\n<div class=\"wp-block-buttons is-content-justification-center is-layout-flex wp-container-core-buttons-is-layout-a89b3969 wp-block-buttons-is-layout-flex\">\n<div class=\"wp-block-button\"><a class=\"wp-block-button__link has-text-align-center wp-element-button\" href=\"https:\/\/durabilite-afrique-guinee.com\/en\/?p=6092&amp;preview=true\">read the article<\/a><\/div>\n<\/div>\n<\/div>\n<\/div>\n\n\n\n<p><\/p>","protected":false},"excerpt":{"rendered":"<p>Articles r\u00e9cents \u00c9cocitoyennet\u00e9 et \u00e9ducation durable en Afrique L\u2019\u00e9nergie solaire : d\u00e9fis \u00e0 relever\u2026 et espoir \u00e0 cultiver Inclusion et d\u00e9veloppement durable en Guin\u00e9e : un d\u00e9fi essentiel<\/p>","protected":false},"author":1,"featured_media":0,"parent":0,"menu_order":0,"comment_status":"closed","ping_status":"closed","template":"","meta":{"_uag_custom_page_level_css":"","site-sidebar-layout":"default","site-content-layout":"","ast-site-content-layout":"default","site-content-style":"default","site-sidebar-style":"default","ast-global-header-display":"","ast-banner-title-visibility":"","ast-main-header-display":"","ast-hfb-above-header-display":"","ast-hfb-below-header-display":"","ast-hfb-mobile-header-display":"","site-post-title":"disabled","ast-breadcrumbs-content":"","ast-featured-img":"","footer-sml-layout":"","theme-transparent-header-meta":"","adv-header-id-meta":"","stick-header-meta":"","header-above-stick-meta":"","header-main-stick-meta":"","header-below-stick-meta":"","astra-migrate-meta-layouts":"set","ast-page-background-enabled":"default","ast-page-background-meta":{"desktop":{"background-color":"","background-image":"","background-repeat":"repeat","background-position":"center center","background-size":"auto","background-attachment":"scroll","background-type":"","background-media":"","overlay-type":"","overlay-color":"","overlay-opacity":"","overlay-gradient":""},"tablet":{"background-color":"","background-image":"","background-repeat":"repeat","background-position":"center center","background-size":"auto","background-attachment":"scroll","background-type":"","background-media":"","overlay-type":"","overlay-color":"","overlay-opacity":"","overlay-gradient":""},"mobile":{"background-color":"","background-image":"","background-repeat":"repeat","background-position":"center center","background-size":"auto","background-attachment":"scroll","background-type":"","background-media":"","overlay-type":"","overlay-color":"","overlay-opacity":"","overlay-gradient":""}},"ast-content-background-meta":{"desktop":{"background-color":"var(--ast-global-color-5)","background-image":"","background-repeat":"repeat","background-position":"center center","background-size":"auto","background-attachment":"scroll","background-type":"","background-media":"","overlay-type":"","overlay-color":"","overlay-opacity":"","overlay-gradient":""},"tablet":{"background-color":"var(--ast-global-color-5)","background-image":"","background-repeat":"repeat","background-position":"center center","background-size":"auto","background-attachment":"scroll","background-type":"","background-media":"","overlay-type":"","overlay-color":"","overlay-opacity":"","overlay-gradient":""},"mobile":{"background-color":"var(--ast-global-color-5)","background-image":"","background-repeat":"repeat","background-position":"center center","background-size":"auto","background-attachment":"scroll","background-type":"","background-media":"","overlay-type":"","overlay-color":"","overlay-opacity":"","overlay-gradient":""}},"jetpack_post_was_ever_published":false,"footnotes":""},"class_list":["post-5598","page","type-page","status-publish","hentry"],"yoast_head":"<!-- This site is optimized with the Yoast SEO plugin v25.8 - https:\/\/yoast.com\/wordpress\/plugins\/seo\/ -->\n<title>Articles r\u00e9cents - DurabiliteAfrique<\/title>\n<meta name=\"robots\" content=\"index, follow, max-snippet:-1, max-image-preview:large, max-video-preview:-1\" \/>\n<link rel=\"canonical\" href=\"https:\/\/durabilite-afrique-guinee.com\/en\/articles-recents\/\" \/>\n<meta property=\"og:locale\" content=\"en_US\" \/>\n<meta property=\"og:type\" content=\"article\" \/>\n<meta property=\"og:title\" content=\"Articles r\u00e9cents - DurabiliteAfrique\" \/>\n<meta property=\"og:description\" content=\"Articles r\u00e9cents \u00c9cocitoyennet\u00e9 et \u00e9ducation durable en Afrique L\u2019\u00e9nergie solaire : d\u00e9fis \u00e0 relever\u2026 et espoir \u00e0 cultiver Inclusion et d\u00e9veloppement durable en Guin\u00e9e : un d\u00e9fi essentiel\" \/>\n<meta property=\"og:url\" content=\"https:\/\/durabilite-afrique-guinee.com\/en\/articles-recents\/\" \/>\n<meta property=\"og:site_name\" content=\"DurabiliteAfrique\" \/>\n<meta property=\"article:modified_time\" content=\"2026-02-25T19:35:13+00:00\" \/>\n<meta property=\"og:image\" content=\"https:\/\/durabilite-afrique-guinee.com\/wp-content\/uploads\/2025\/08\/photo-canva-plante-6.png\" \/>\n\t<meta property=\"og:image:width\" content=\"350\" \/>\n\t<meta property=\"og:image:height\" content=\"245\" \/>\n\t<meta property=\"og:image:type\" content=\"image\/png\" \/>\n<meta name=\"twitter:card\" content=\"summary_large_image\" \/>\n<meta name=\"twitter:label1\" content=\"Est. reading time\" \/>\n\t<meta name=\"twitter:data1\" content=\"1 minute\" \/>\n<script type=\"application\/ld+json\" class=\"yoast-schema-graph\">{\"@context\":\"https:\/\/schema.org\",\"@graph\":[{\"@type\":\"WebPage\",\"@id\":\"https:\/\/durabilite-afrique-guinee.com\/articles-recents\/\",\"url\":\"https:\/\/durabilite-afrique-guinee.com\/articles-recents\/\",\"name\":\"Articles r\u00e9cents - DurabiliteAfrique\",\"isPartOf\":{\"@id\":\"https:\/\/durabilite-afrique-guinee.com\/#website\"},\"primaryImageOfPage\":{\"@id\":\"https:\/\/durabilite-afrique-guinee.com\/articles-recents\/#primaryimage\"},\"image\":{\"@id\":\"https:\/\/durabilite-afrique-guinee.com\/articles-recents\/#primaryimage\"},\"thumbnailUrl\":\"https:\/\/durabilite-afrique-guinee.com\/wp-content\/uploads\/2025\/08\/photo-canva-plante-6.png\",\"datePublished\":\"2025-08-09T21:31:45+00:00\",\"dateModified\":\"2026-02-25T19:35:13+00:00\",\"breadcrumb\":{\"@id\":\"https:\/\/durabilite-afrique-guinee.com\/articles-recents\/#breadcrumb\"},\"inLanguage\":\"en-US\",\"potentialAction\":[{\"@type\":\"ReadAction\",\"target\":[\"https:\/\/durabilite-afrique-guinee.com\/articles-recents\/\"]}]},{\"@type\":\"ImageObject\",\"inLanguage\":\"en-US\",\"@id\":\"https:\/\/durabilite-afrique-guinee.com\/articles-recents\/#primaryimage\",\"url\":\"https:\/\/durabilite-afrique-guinee.com\/wp-content\/uploads\/2025\/08\/photo-canva-plante-6.png\",\"contentUrl\":\"https:\/\/durabilite-afrique-guinee.com\/wp-content\/uploads\/2025\/08\/photo-canva-plante-6.png\"},{\"@type\":\"BreadcrumbList\",\"@id\":\"https:\/\/durabilite-afrique-guinee.com\/articles-recents\/#breadcrumb\",\"itemListElement\":[{\"@type\":\"ListItem\",\"position\":1,\"name\":\"Accueil\",\"item\":\"https:\/\/durabilite-afrique-guinee.com\/\"},{\"@type\":\"ListItem\",\"position\":2,\"name\":\"Articles r\u00e9cents\"}]},{\"@type\":\"WebSite\",\"@id\":\"https:\/\/durabilite-afrique-guinee.com\/#website\",\"url\":\"https:\/\/durabilite-afrique-guinee.com\/\",\"name\":\"DurabiliteAfrique\",\"description\":\"Agir pour une Afrique durable et plus r\u00e9siliente face aux changements climatiques\",\"publisher\":{\"@id\":\"https:\/\/durabilite-afrique-guinee.com\/#organization\"},\"potentialAction\":[{\"@type\":\"SearchAction\",\"target\":{\"@type\":\"EntryPoint\",\"urlTemplate\":\"https:\/\/durabilite-afrique-guinee.com\/?s={search_term_string}\"},\"query-input\":{\"@type\":\"PropertyValueSpecification\",\"valueRequired\":true,\"valueName\":\"search_term_string\"}}],\"inLanguage\":\"en-US\"},{\"@type\":\"Organization\",\"@id\":\"https:\/\/durabilite-afrique-guinee.com\/#organization\",\"name\":\"DurabiliteAfrique\",\"url\":\"https:\/\/durabilite-afrique-guinee.com\/\",\"logo\":{\"@type\":\"ImageObject\",\"inLanguage\":\"en-US\",\"@id\":\"https:\/\/durabilite-afrique-guinee.com\/#\/schema\/logo\/image\/\",\"url\":\"https:\/\/durabilite-afrique-guinee.com\/wp-content\/uploads\/2025\/08\/cropped-Logo-FF-trans.png\",\"contentUrl\":\"https:\/\/durabilite-afrique-guinee.com\/wp-content\/uploads\/2025\/08\/cropped-Logo-FF-trans.png\",\"width\":1023,\"height\":340,\"caption\":\"DurabiliteAfrique\"},\"image\":{\"@id\":\"https:\/\/durabilite-afrique-guinee.com\/#\/schema\/logo\/image\/\"}}]}<\/script>\n<!-- \/ Yoast SEO plugin. -->","yoast_head_json":{"title":"Articles r\u00e9cents - DurabiliteAfrique","robots":{"index":"index","follow":"follow","max-snippet":"max-snippet:-1","max-image-preview":"max-image-preview:large","max-video-preview":"max-video-preview:-1"},"canonical":"https:\/\/durabilite-afrique-guinee.com\/en\/articles-recents\/","og_locale":"en_US","og_type":"article","og_title":"Articles r\u00e9cents - DurabiliteAfrique","og_description":"Articles r\u00e9cents \u00c9cocitoyennet\u00e9 et \u00e9ducation durable en Afrique L\u2019\u00e9nergie solaire : d\u00e9fis \u00e0 relever\u2026 et espoir \u00e0 cultiver Inclusion et d\u00e9veloppement durable en Guin\u00e9e : un d\u00e9fi essentiel","og_url":"https:\/\/durabilite-afrique-guinee.com\/en\/articles-recents\/","og_site_name":"DurabiliteAfrique","article_modified_time":"2026-02-25T19:35:13+00:00","og_image":[{"width":350,"height":245,"url":"https:\/\/durabilite-afrique-guinee.com\/wp-content\/uploads\/2025\/08\/photo-canva-plante-6.png","type":"image\/png"}],"twitter_card":"summary_large_image","twitter_misc":{"Est. reading time":"1 minute"},"schema":{"@context":"https:\/\/schema.org","@graph":[{"@type":"WebPage","@id":"https:\/\/durabilite-afrique-guinee.com\/articles-recents\/","url":"https:\/\/durabilite-afrique-guinee.com\/articles-recents\/","name":"Articles r\u00e9cents - DurabiliteAfrique","isPartOf":{"@id":"https:\/\/durabilite-afrique-guinee.com\/#website"},"primaryImageOfPage":{"@id":"https:\/\/durabilite-afrique-guinee.com\/articles-recents\/#primaryimage"},"image":{"@id":"https:\/\/durabilite-afrique-guinee.com\/articles-recents\/#primaryimage"},"thumbnailUrl":"https:\/\/durabilite-afrique-guinee.com\/wp-content\/uploads\/2025\/08\/photo-canva-plante-6.png","datePublished":"2025-08-09T21:31:45+00:00","dateModified":"2026-02-25T19:35:13+00:00","breadcrumb":{"@id":"https:\/\/durabilite-afrique-guinee.com\/articles-recents\/#breadcrumb"},"inLanguage":"en-US","potentialAction":[{"@type":"ReadAction","target":["https:\/\/durabilite-afrique-guinee.com\/articles-recents\/"]}]},{"@type":"ImageObject","inLanguage":"en-US","@id":"https:\/\/durabilite-afrique-guinee.com\/articles-recents\/#primaryimage","url":"https:\/\/durabilite-afrique-guinee.com\/wp-content\/uploads\/2025\/08\/photo-canva-plante-6.png","contentUrl":"https:\/\/durabilite-afrique-guinee.com\/wp-content\/uploads\/2025\/08\/photo-canva-plante-6.png"},{"@type":"BreadcrumbList","@id":"https:\/\/durabilite-afrique-guinee.com\/articles-recents\/#breadcrumb","itemListElement":[{"@type":"ListItem","position":1,"name":"Accueil","item":"https:\/\/durabilite-afrique-guinee.com\/"},{"@type":"ListItem","position":2,"name":"Articles r\u00e9cents"}]},{"@type":"WebSite","@id":"https:\/\/durabilite-afrique-guinee.com\/#website","url":"https:\/\/durabilite-afrique-guinee.com\/","name":"DurabiliteAfrique","description":"Agir pour une Afrique durable et plus r\u00e9siliente face aux changements climatiques","publisher":{"@id":"https:\/\/durabilite-afrique-guinee.com\/#organization"},"potentialAction":[{"@type":"SearchAction","target":{"@type":"EntryPoint","urlTemplate":"https:\/\/durabilite-afrique-guinee.com\/?s={search_term_string}"},"query-input":{"@type":"PropertyValueSpecification","valueRequired":true,"valueName":"search_term_string"}}],"inLanguage":"en-US"},{"@type":"Organization","@id":"https:\/\/durabilite-afrique-guinee.com\/#organization","name":"DurabiliteAfrique","url":"https:\/\/durabilite-afrique-guinee.com\/","logo":{"@type":"ImageObject","inLanguage":"en-US","@id":"https:\/\/durabilite-afrique-guinee.com\/#\/schema\/logo\/image\/","url":"https:\/\/durabilite-afrique-guinee.com\/wp-content\/uploads\/2025\/08\/cropped-Logo-FF-trans.png","contentUrl":"https:\/\/durabilite-afrique-guinee.com\/wp-content\/uploads\/2025\/08\/cropped-Logo-FF-trans.png","width":1023,"height":340,"caption":"DurabiliteAfrique"},"image":{"@id":"https:\/\/durabilite-afrique-guinee.com\/#\/schema\/logo\/image\/"}}]}},"uagb_featured_image_src":{"full":false,"thumbnail":false,"medium":false,"medium_large":false,"large":false,"1536x1536":false,"2048x2048":false,"trp-custom-language-flag":false,"woocommerce_thumbnail":false,"woocommerce_single":false,"woocommerce_gallery_thumbnail":false},"uagb_author_info":{"display_name":"mantycamara_adm","author_link":"https:\/\/durabilite-afrique-guinee.com\/en\/author\/mantycamara_adm\/"},"uagb_comment_info":0,"uagb_excerpt":"Articles r\u00e9cents \u00c9cocitoyennet\u00e9 et \u00e9ducation durable en Afrique L\u2019\u00e9nergie solaire : d\u00e9fis \u00e0 relever\u2026 et espoir \u00e0 cultiver Inclusion et d\u00e9veloppement durable en Guin\u00e9e : un d\u00e9fi essentiel","jetpack_sharing_enabled":true,"_links":{"self":[{"href":"https:\/\/durabilite-afrique-guinee.com\/en\/wp-json\/wp\/v2\/pages\/5598","targetHints":{"allow":["GET"]}}],"collection":[{"href":"https:\/\/durabilite-afrique-guinee.com\/en\/wp-json\/wp\/v2\/pages"}],"about":[{"href":"https:\/\/durabilite-afrique-guinee.com\/en\/wp-json\/wp\/v2\/types\/page"}],"author":[{"embeddable":true,"href":"https:\/\/durabilite-afrique-guinee.com\/en\/wp-json\/wp\/v2\/users\/1"}],"replies":[{"embeddable":true,"href":"https:\/\/durabilite-afrique-guinee.com\/en\/wp-json\/wp\/v2\/comments?post=5598"}],"version-history":[{"count":44,"href":"https:\/\/durabilite-afrique-guinee.com\/en\/wp-json\/wp\/v2\/pages\/5598\/revisions"}],"predecessor-version":[{"id":6161,"href":"https:\/\/durabilite-afrique-guinee.com\/en\/wp-json\/wp\/v2\/pages\/5598\/revisions\/6161"}],"wp:attachment":[{"href":"https:\/\/durabilite-afrique-guinee.com\/en\/wp-json\/wp\/v2\/media?parent=5598"}],"curies":[{"name":"wp","href":"https:\/\/api.w.org\/{rel}","templated":true}]}}