{"id":3614,"date":"2025-08-07T15:03:07","date_gmt":"2025-08-07T15:03:07","guid":{"rendered":"https:\/\/durabilite-afrique-guinee.com\/contact\/"},"modified":"2025-08-25T20:59:45","modified_gmt":"2025-08-25T20:59:45","slug":"contact","status":"publish","type":"page","link":"https:\/\/durabilite-afrique-guinee.com\/en\/contact\/","title":{"rendered":"Contact"},"content":{"rendered":"<div class=\"wp-block-uagb-container uagb-block-35459231 alignfull uagb-is-root-container\"><div class=\"uagb-container-inner-blocks-wrap\">\n<div class=\"wp-block-uagb-advanced-heading uagb-block-b0540669\"><h2 class=\"uagb-heading-text\">Contact<\/h2><\/div>\n<\/div><\/div>\n\n\n\n<div class=\"wp-block-uagb-container uagb-block-765d529e alignfull uagb-is-root-container\"><div class=\"uagb-container-inner-blocks-wrap\">\n<div class=\"wp-block-uagb-container uagb-block-0a58bf7c\">\n<div class=\"wp-block-uagb-image aligncenter uagb-block-b52bddc2 wp-block-uagb-image--layout-default wp-block-uagb-image--effect-static wp-block-uagb-image--align-center\"><figure class=\"wp-block-uagb-image__figure\"><img decoding=\"async\" srcset=\"https:\/\/durabilite-afrique-guinee.com\/wp-content\/uploads\/2025\/08\/Photo-plante-transparent-1-1024x683.png ,https:\/\/durabilite-afrique-guinee.com\/wp-content\/uploads\/2025\/08\/Photo-plante-transparent-1.png 780w, https:\/\/durabilite-afrique-guinee.com\/wp-content\/uploads\/2025\/08\/Photo-plante-transparent-1.png 360w\" sizes=\"auto, (max-width: 480px) 150px\" src=\"https:\/\/durabilite-afrique-guinee.com\/wp-content\/uploads\/2025\/08\/Photo-plante-transparent-1-1024x683.png\" alt=\"photo plante transparent\" class=\"uag-image-5952\" width=\"225\" height=\"150\" title=\"photo plant transparent\" loading=\"lazy\" role=\"img\"\/><\/figure><\/div>\n\n\n\n<div class=\"wp-block-uagb-container uagb-block-e551e8e8\">\n<div class=\"wp-block-uagb-container uagb-block-25b0093d\">\n<div class=\"wp-block-uagb-info-box uagb-block-f6b80adb uagb-infobox__content-wrap  uagb-infobox-icon-above-title uagb-infobox-image-valign-top\"><div class=\"uagb-ifb-content\"><div class=\"uagb-ifb-icon-wrap\"><svg xmlns=\"https:\/\/www.w3.org\/2000\/svg\" viewbox=\"0 0 512 512\"><path d=\"M464 64C490.5 64 512 85.49 512 112C512 127.1 504.9 141.3 492.8 150.4L275.2 313.6C263.8 322.1 248.2 322.1 236.8 313.6L19.2 150.4C7.113 141.3 0 127.1 0 112C0 85.49 21.49 64 48 64H464zM217.6 339.2C240.4 356.3 271.6 356.3 294.4 339.2L512 176V384C512 419.3 483.3 448 448 448H64C28.65 448 0 419.3 0 384V176L217.6 339.2z\"><\/path><\/svg><\/div><div class=\"uagb-ifb-title-wrap\"><\/div><p class=\"uagb-ifb-desc\">  contact@durabilite-afrique-guinee.com<br> <\/p><\/div><\/div>\n<\/div>\n\n\n\n<div class=\"wp-block-uagb-container uagb-block-86006bae\">\n<div class=\"wp-block-uagb-info-box uagb-block-7083ecc1 uagb-infobox__content-wrap  uagb-infobox-icon-above-title uagb-infobox-image-valign-top\"><div class=\"uagb-ifb-content\"><div class=\"uagb-ifb-icon-wrap\"><svg xmlns=\"https:\/\/www.w3.org\/2000\/svg\" viewbox=\"0 0 384 512\"><path d=\"M168.3 499.2C116.1 435 0 279.4 0 192C0 85.96 85.96 0 192 0C298 0 384 85.96 384 192C384 279.4 267 435 215.7 499.2C203.4 514.5 180.6 514.5 168.3 499.2H168.3zM192 256C227.3 256 256 227.3 256 192C256 156.7 227.3 128 192 128C156.7 128 128 156.7 128 192C128 227.3 156.7 256 192 256z\"><\/path><\/svg><\/div><div class=\"uagb-ifb-title-wrap\"><\/div><p class=\"uagb-ifb-desc\">   Victoriaville (Qu\u00e9bec) Canada<br>  <\/p><\/div><\/div>\n<\/div>\n<\/div>\n<\/div>\n<\/div><\/div>\n\n\n\n<div class=\"wp-block-uagb-container uag-blocks-common-selector uagb-block-86d9609e alignfull uagb-is-root-container\"><div class=\"uagb-container-inner-blocks-wrap\">\n<div class=\"wp-block-uagb-info-box uagb-block-32c5b356 uagb-infobox__content-wrap  uagb-infobox-icon-below-title uagb-infobox-image-valign-top\"><div class=\"uagb-ifb-content\"><div class=\"uagb-ifb-title-wrap\"><h3 class=\"uagb-ifb-title\">Frequently asked questions (FAQ)<\/h3><\/div><div class=\"uagb-ifb-image-content\"><img decoding=\"async\" src=\"https:\/\/durabilite-afrique-guinee.com\/wp-content\/uploads\/2019\/07\/logo-leaf-new.png\" alt=\"Logo Leaf New\" width=\"\" height=\"0\" loading=\"lazy\" title=\"Contact\"><\/div><\/div><\/div>\n\n\n\n<div class=\"wp-block-uagb-container uagb-block-054b6723\"><div class=\"wp-block-uagb-faq uagb-faq__outer-wrap uagb-block-7a049e5b uagb-faq-icon-row-reverse uagb-faq-layout-accordion uagb-faq-expand-first-false uagb-faq-inactive-other-true uagb-faq__wrap uagb-buttons-layout-wrap uagb-faq-equal-height\" data-faqtoggle=\"true\" role=\"tablist\"><div class=\"wp-block-uagb-faq-child uagb-faq-child__outer-wrap uagb-faq-item uagb-block-6976cd14\" role=\"tab\" tabindex=\"0\"><div class=\"uagb-faq-questions-button uagb-faq-questions\">\t\t\t<span class=\"uagb-icon uagb-faq-icon-wrap\">\n\t\t\t\t\t\t\t\t<svg xmlns=\"https:\/\/www.w3.org\/2000\/svg\" viewbox= \"0 0 256 512\"><path d=\"M64 448c-8.188 0-16.38-3.125-22.62-9.375c-12.5-12.5-12.5-32.75 0-45.25L178.8 256L41.38 118.6c-12.5-12.5-12.5-32.75 0-45.25s32.75-12.5 45.25 0l160 160c12.5 12.5 12.5 32.75 0 45.25l-160 160C80.38 444.9 72.19 448 64 448z\"><\/path><\/svg>\n\t\t\t\t\t\t\t<\/span>\n\t\t\t\t\t\t<span class=\"uagb-icon-active uagb-faq-icon-wrap\">\n\t\t\t\t\t\t\t\t<svg xmlns=\"https:\/\/www.w3.org\/2000\/svg\" viewbox= \"0 0 256 512\"><path d=\"M64 448c-8.188 0-16.38-3.125-22.62-9.375c-12.5-12.5-12.5-32.75 0-45.25L178.8 256L41.38 118.6c-12.5-12.5-12.5-32.75 0-45.25s32.75-12.5 45.25 0l160 160c12.5 12.5 12.5 32.75 0 45.25l-160 160C80.38 444.9 72.19 448 64 448z\"><\/path><\/svg>\n\t\t\t\t\t\t\t<\/span>\n\t\t\t<span class=\"uagb-question\">What kind of services do you offer?<\/span><\/div><div class=\"uagb-faq-content\"><p>We support institutions, NGOs, organizations, local authorities and companies in their sustainability projects: strategic consulting, socio-environmental impact analysis, training, awareness-raising and reporting.<\/p><\/div><\/div><div class=\"wp-block-uagb-faq-child uagb-faq-child__outer-wrap uagb-faq-item uagb-block-e66f1833\" role=\"tab\" tabindex=\"0\"><div class=\"uagb-faq-questions-button uagb-faq-questions\">\t\t\t<span class=\"uagb-icon uagb-faq-icon-wrap\">\n\t\t\t\t\t\t\t\t<svg xmlns=\"https:\/\/www.w3.org\/2000\/svg\" viewbox= \"0 0 256 512\"><path d=\"M64 448c-8.188 0-16.38-3.125-22.62-9.375c-12.5-12.5-12.5-32.75 0-45.25L178.8 256L41.38 118.6c-12.5-12.5-12.5-32.75 0-45.25s32.75-12.5 45.25 0l160 160c12.5 12.5 12.5 32.75 0 45.25l-160 160C80.38 444.9 72.19 448 64 448z\"><\/path><\/svg>\n\t\t\t\t\t\t\t<\/span>\n\t\t\t\t\t\t<span class=\"uagb-icon-active uagb-faq-icon-wrap\">\n\t\t\t\t\t\t\t\t<svg xmlns=\"https:\/\/www.w3.org\/2000\/svg\" viewbox= \"0 0 256 512\"><path d=\"M64 448c-8.188 0-16.38-3.125-22.62-9.375c-12.5-12.5-12.5-32.75 0-45.25L178.8 256L41.38 118.6c-12.5-12.5-12.5-32.75 0-45.25s32.75-12.5 45.25 0l160 160c12.5 12.5 12.5 32.75 0 45.25l-160 160C80.38 444.9 72.19 448 64 448z\"><\/path><\/svg>\n\t\t\t\t\t\t\t<\/span>\n\t\t\t<span class=\"uagb-question\">Do you work exclusively in Guinea?<\/span><\/div><div class=\"uagb-faq-content\"><p>Our platform is anchored in Guinea, but we also collaborate on projects on an African and international scale.<\/p><\/div><\/div><div class=\"wp-block-uagb-faq-child uagb-faq-child__outer-wrap uagb-faq-item uagb-block-8261f81f\" role=\"tab\" tabindex=\"0\"><div class=\"uagb-faq-questions-button uagb-faq-questions\">\t\t\t<span class=\"uagb-icon uagb-faq-icon-wrap\">\n\t\t\t\t\t\t\t\t<svg xmlns=\"https:\/\/www.w3.org\/2000\/svg\" viewbox= \"0 0 256 512\"><path d=\"M64 448c-8.188 0-16.38-3.125-22.62-9.375c-12.5-12.5-12.5-32.75 0-45.25L178.8 256L41.38 118.6c-12.5-12.5-12.5-32.75 0-45.25s32.75-12.5 45.25 0l160 160c12.5 12.5 12.5 32.75 0 45.25l-160 160C80.38 444.9 72.19 448 64 448z\"><\/path><\/svg>\n\t\t\t\t\t\t\t<\/span>\n\t\t\t\t\t\t<span class=\"uagb-icon-active uagb-faq-icon-wrap\">\n\t\t\t\t\t\t\t\t<svg xmlns=\"https:\/\/www.w3.org\/2000\/svg\" viewbox= \"0 0 256 512\"><path d=\"M64 448c-8.188 0-16.38-3.125-22.62-9.375c-12.5-12.5-12.5-32.75 0-45.25L178.8 256L41.38 118.6c-12.5-12.5-12.5-32.75 0-45.25s32.75-12.5 45.25 0l160 160c12.5 12.5 12.5 32.75 0 45.25l-160 160C80.38 444.9 72.19 448 64 448z\"><\/path><\/svg>\n\t\t\t\t\t\t\t<\/span>\n\t\t\t<span class=\"uagb-question\">How can I request a collaboration or partnership?<\/span><\/div><div class=\"uagb-faq-content\"><p>You can write to us directly at : <strong>contact@durabilite-afrique-guinee.com<\/strong>. We will reply as soon as possible.<\/p><\/div><\/div><\/div>\n\n<div class=\"wp-block-uagb-faq uagb-faq__outer-wrap uagb-block-aa7d62c7 uagb-faq-icon-row-reverse uagb-faq-layout-accordion uagb-faq-expand-first-false uagb-faq-inactive-other-true uagb-faq__wrap uagb-buttons-layout-wrap uagb-faq-equal-height\" data-faqtoggle=\"true\" role=\"tablist\"><div class=\"wp-block-uagb-faq-child uagb-faq-child__outer-wrap uagb-faq-item uagb-block-73858616\" role=\"tab\" tabindex=\"0\"><div class=\"uagb-faq-questions-button uagb-faq-questions\">\t\t\t<span class=\"uagb-icon uagb-faq-icon-wrap\">\n\t\t\t\t\t\t\t\t<svg xmlns=\"https:\/\/www.w3.org\/2000\/svg\" viewbox= \"0 0 256 512\"><path d=\"M64 448c-8.188 0-16.38-3.125-22.62-9.375c-12.5-12.5-12.5-32.75 0-45.25L178.8 256L41.38 118.6c-12.5-12.5-12.5-32.75 0-45.25s32.75-12.5 45.25 0l160 160c12.5 12.5 12.5 32.75 0 45.25l-160 160C80.38 444.9 72.19 448 64 448z\"><\/path><\/svg>\n\t\t\t\t\t\t\t<\/span>\n\t\t\t\t\t\t<span class=\"uagb-icon-active uagb-faq-icon-wrap\">\n\t\t\t\t\t\t\t\t<svg xmlns=\"https:\/\/www.w3.org\/2000\/svg\" viewbox= \"0 0 256 512\"><path d=\"M64 448c-8.188 0-16.38-3.125-22.62-9.375c-12.5-12.5-12.5-32.75 0-45.25L178.8 256L41.38 118.6c-12.5-12.5-12.5-32.75 0-45.25s32.75-12.5 45.25 0l160 160c12.5 12.5 12.5 32.75 0 45.25l-160 160C80.38 444.9 72.19 448 64 448z\"><\/path><\/svg>\n\t\t\t\t\t\t\t<\/span>\n\t\t\t<span class=\"uagb-question\">Do you offer customized training or workshops?<\/span><\/div><div class=\"uagb-faq-content\"><p>Yes, we design sessions tailored to the specific needs of SMEs, NGOs, organizations, local authorities and students.<\/p><\/div><\/div><div class=\"wp-block-uagb-faq-child uagb-faq-child__outer-wrap uagb-faq-item uagb-block-026d943e\" role=\"tab\" tabindex=\"0\"><div class=\"uagb-faq-questions-button uagb-faq-questions\">\t\t\t<span class=\"uagb-icon uagb-faq-icon-wrap\">\n\t\t\t\t\t\t\t\t<svg xmlns=\"https:\/\/www.w3.org\/2000\/svg\" viewbox= \"0 0 256 512\"><path d=\"M64 448c-8.188 0-16.38-3.125-22.62-9.375c-12.5-12.5-12.5-32.75 0-45.25L178.8 256L41.38 118.6c-12.5-12.5-12.5-32.75 0-45.25s32.75-12.5 45.25 0l160 160c12.5 12.5 12.5 32.75 0 45.25l-160 160C80.38 444.9 72.19 448 64 448z\"><\/path><\/svg>\n\t\t\t\t\t\t\t<\/span>\n\t\t\t\t\t\t<span class=\"uagb-icon-active uagb-faq-icon-wrap\">\n\t\t\t\t\t\t\t\t<svg xmlns=\"https:\/\/www.w3.org\/2000\/svg\" viewbox= \"0 0 256 512\"><path d=\"M64 448c-8.188 0-16.38-3.125-22.62-9.375c-12.5-12.5-12.5-32.75 0-45.25L178.8 256L41.38 118.6c-12.5-12.5-12.5-32.75 0-45.25s32.75-12.5 45.25 0l160 160c12.5 12.5 12.5 32.75 0 45.25l-160 160C80.38 444.9 72.19 448 64 448z\"><\/path><\/svg>\n\t\t\t\t\t\t\t<\/span>\n\t\t\t<span class=\"uagb-question\">Is it possible to invite you to speak at an event?<\/span><\/div><div class=\"uagb-faq-content\"><p>Absolutely. We take part in conferences, panels and workshops on sustainable development and climate change.<\/p><\/div><\/div><div class=\"wp-block-uagb-faq-child uagb-faq-child__outer-wrap uagb-faq-item uagb-block-6ea3c37f\" role=\"tab\" tabindex=\"0\"><div class=\"uagb-faq-questions-button uagb-faq-questions\">\t\t\t<span class=\"uagb-icon uagb-faq-icon-wrap\">\n\t\t\t\t\t\t\t\t<svg xmlns=\"https:\/\/www.w3.org\/2000\/svg\" viewbox= \"0 0 256 512\"><path d=\"M64 448c-8.188 0-16.38-3.125-22.62-9.375c-12.5-12.5-12.5-32.75 0-45.25L178.8 256L41.38 118.6c-12.5-12.5-12.5-32.75 0-45.25s32.75-12.5 45.25 0l160 160c12.5 12.5 12.5 32.75 0 45.25l-160 160C80.38 444.9 72.19 448 64 448z\"><\/path><\/svg>\n\t\t\t\t\t\t\t<\/span>\n\t\t\t\t\t\t<span class=\"uagb-icon-active uagb-faq-icon-wrap\">\n\t\t\t\t\t\t\t\t<svg xmlns=\"https:\/\/www.w3.org\/2000\/svg\" viewbox= \"0 0 256 512\"><path d=\"M64 448c-8.188 0-16.38-3.125-22.62-9.375c-12.5-12.5-12.5-32.75 0-45.25L178.8 256L41.38 118.6c-12.5-12.5-12.5-32.75 0-45.25s32.75-12.5 45.25 0l160 160c12.5 12.5 12.5 32.75 0 45.25l-160 160C80.38 444.9 72.19 448 64 448z\"><\/path><\/svg>\n\t\t\t\t\t\t\t<\/span>\n\t\t\t<span class=\"uagb-question\">How long does it take to reply to an e-mail?<\/span><\/div><div class=\"uagb-faq-content\"><p>We usually respond within <strong>24 to 48 business hours<\/strong>.<\/p><\/div><\/div><\/div><\/div>\n\n\n\n<div class=\"wp-block-columns is-layout-flex wp-container-core-columns-is-layout-28f84493 wp-block-columns-is-layout-flex\">\n<div class=\"wp-block-column is-layout-flow wp-block-column-is-layout-flow\">\n<p class=\"has-text-align-center\"><strong>Can't find your answer?<\/strong> <br>\ud83d\udc49 <em>If your question is not listed here, please write to us directly at <\/em><br><em>contact@durabilite-afrique-guinee.com<\/em><br><\/p>\n<\/div>\n<\/div>\n<\/div><\/div>\n\n\n\n<p><\/p>","protected":false},"excerpt":{"rendered":"<p>Contact Vous n\u2019avez pas trouv\u00e9 votre r\u00e9ponse ? \ud83d\udc49 Si votre question ne figure pas dans cette section, n\u2019h\u00e9sitez pas \u00e0 nous \u00e9crire directement \u00e0 contact@durabilite-afrique-guin\u00e9e.com<\/p>","protected":false},"author":1,"featured_media":0,"parent":0,"menu_order":0,"comment_status":"closed","ping_status":"closed","template":"","meta":{"_uag_custom_page_level_css":"","site-sidebar-layout":"no-sidebar","site-content-layout":"plain-container","ast-site-content-layout":"full-width-container","site-content-style":"unboxed","site-sidebar-style":"unboxed","ast-global-header-display":"","ast-banner-title-visibility":"","ast-main-header-display":"","ast-hfb-above-header-display":"","ast-hfb-below-header-display":"","ast-hfb-mobile-header-display":"","site-post-title":"disabled","ast-breadcrumbs-content":"","ast-featured-img":"disabled","footer-sml-layout":"","theme-transparent-header-meta":"enabled","adv-header-id-meta":"","stick-header-meta":"","header-above-stick-meta":"","header-main-stick-meta":"","header-below-stick-meta":"","astra-migrate-meta-layouts":"set","ast-page-background-enabled":"default","ast-page-background-meta":{"desktop":{"background-color":"","background-image":"","background-repeat":"repeat","background-position":"center center","background-size":"auto","background-attachment":"scroll","background-type":"","background-media":"","overlay-type":"","overlay-color":"","overlay-opacity":"","overlay-gradient":""},"tablet":{"background-color":"","background-image":"","background-repeat":"repeat","background-position":"center center","background-size":"auto","background-attachment":"scroll","background-type":"","background-media":"","overlay-type":"","overlay-color":"","overlay-opacity":"","overlay-gradient":""},"mobile":{"background-color":"","background-image":"","background-repeat":"repeat","background-position":"center center","background-size":"auto","background-attachment":"scroll","background-type":"","background-media":"","overlay-type":"","overlay-color":"","overlay-opacity":"","overlay-gradient":""}},"ast-content-background-meta":{"desktop":{"background-color":"var(--ast-global-color-5)","background-image":"","background-repeat":"repeat","background-position":"center center","background-size":"auto","background-attachment":"scroll","background-type":"","background-media":"","overlay-type":"","overlay-color":"","overlay-opacity":"","overlay-gradient":""},"tablet":{"background-color":"var(--ast-global-color-5)","background-image":"","background-repeat":"repeat","background-position":"center center","background-size":"auto","background-attachment":"scroll","background-type":"","background-media":"","overlay-type":"","overlay-color":"","overlay-opacity":"","overlay-gradient":""},"mobile":{"background-color":"var(--ast-global-color-5)","background-image":"","background-repeat":"repeat","background-position":"center center","background-size":"auto","background-attachment":"scroll","background-type":"","background-media":"","overlay-type":"","overlay-color":"","overlay-opacity":"","overlay-gradient":""}},"jetpack_post_was_ever_published":false,"footnotes":""},"class_list":["post-3614","page","type-page","status-publish","hentry"],"yoast_head":"<!-- This site is optimized with the Yoast SEO plugin v25.8 - https:\/\/yoast.com\/wordpress\/plugins\/seo\/ -->\n<title>Contact - DurabiliteAfrique<\/title>\n<meta name=\"robots\" content=\"index, follow, max-snippet:-1, max-image-preview:large, max-video-preview:-1\" \/>\n<link rel=\"canonical\" href=\"https:\/\/durabilite-afrique-guinee.com\/en\/contact\/\" \/>\n<meta property=\"og:locale\" content=\"en_US\" \/>\n<meta property=\"og:type\" content=\"article\" \/>\n<meta property=\"og:title\" content=\"Contact - DurabiliteAfrique\" \/>\n<meta property=\"og:description\" content=\"Contact Vous n\u2019avez pas trouv\u00e9 votre r\u00e9ponse ? \ud83d\udc49 Si votre question ne figure pas dans cette section, n\u2019h\u00e9sitez pas \u00e0 nous \u00e9crire directement \u00e0 contact@durabilite-afrique-guin\u00e9e.com\" \/>\n<meta property=\"og:url\" content=\"https:\/\/durabilite-afrique-guinee.com\/en\/contact\/\" \/>\n<meta property=\"og:site_name\" content=\"DurabiliteAfrique\" \/>\n<meta property=\"article:modified_time\" content=\"2025-08-25T20:59:45+00:00\" \/>\n<meta property=\"og:image\" content=\"https:\/\/durabilite-afrique-guinee.com\/wp-content\/uploads\/2025\/08\/Photo-plante-transparent-1-1024x683.png\" \/>\n<meta name=\"twitter:card\" content=\"summary_large_image\" \/>\n<meta name=\"twitter:label1\" content=\"Est. reading time\" \/>\n\t<meta name=\"twitter:data1\" content=\"1 minute\" \/>\n<script type=\"application\/ld+json\" class=\"yoast-schema-graph\">{\"@context\":\"https:\/\/schema.org\",\"@graph\":[{\"@type\":\"WebPage\",\"@id\":\"https:\/\/durabilite-afrique-guinee.com\/contact\/\",\"url\":\"https:\/\/durabilite-afrique-guinee.com\/contact\/\",\"name\":\"Contact - DurabiliteAfrique\",\"isPartOf\":{\"@id\":\"https:\/\/durabilite-afrique-guinee.com\/#website\"},\"primaryImageOfPage\":{\"@id\":\"https:\/\/durabilite-afrique-guinee.com\/contact\/#primaryimage\"},\"image\":{\"@id\":\"https:\/\/durabilite-afrique-guinee.com\/contact\/#primaryimage\"},\"thumbnailUrl\":\"https:\/\/durabilite-afrique-guinee.com\/wp-content\/uploads\/2025\/08\/Photo-plante-transparent-1-1024x683.png\",\"datePublished\":\"2025-08-07T15:03:07+00:00\",\"dateModified\":\"2025-08-25T20:59:45+00:00\",\"breadcrumb\":{\"@id\":\"https:\/\/durabilite-afrique-guinee.com\/contact\/#breadcrumb\"},\"inLanguage\":\"en-US\",\"potentialAction\":[{\"@type\":\"ReadAction\",\"target\":[\"https:\/\/durabilite-afrique-guinee.com\/contact\/\"]}]},{\"@type\":\"ImageObject\",\"inLanguage\":\"en-US\",\"@id\":\"https:\/\/durabilite-afrique-guinee.com\/contact\/#primaryimage\",\"url\":\"https:\/\/durabilite-afrique-guinee.com\/wp-content\/uploads\/2025\/08\/Photo-plante-transparent-1-1024x683.png\",\"contentUrl\":\"https:\/\/durabilite-afrique-guinee.com\/wp-content\/uploads\/2025\/08\/Photo-plante-transparent-1-1024x683.png\"},{\"@type\":\"BreadcrumbList\",\"@id\":\"https:\/\/durabilite-afrique-guinee.com\/contact\/#breadcrumb\",\"itemListElement\":[{\"@type\":\"ListItem\",\"position\":1,\"name\":\"Accueil\",\"item\":\"https:\/\/durabilite-afrique-guinee.com\/\"},{\"@type\":\"ListItem\",\"position\":2,\"name\":\"Contact\"}]},{\"@type\":\"WebSite\",\"@id\":\"https:\/\/durabilite-afrique-guinee.com\/#website\",\"url\":\"https:\/\/durabilite-afrique-guinee.com\/\",\"name\":\"DurabiliteAfrique\",\"description\":\"Agir pour une Afrique durable et plus r\u00e9siliente face aux changements climatiques\",\"publisher\":{\"@id\":\"https:\/\/durabilite-afrique-guinee.com\/#organization\"},\"potentialAction\":[{\"@type\":\"SearchAction\",\"target\":{\"@type\":\"EntryPoint\",\"urlTemplate\":\"https:\/\/durabilite-afrique-guinee.com\/?s={search_term_string}\"},\"query-input\":{\"@type\":\"PropertyValueSpecification\",\"valueRequired\":true,\"valueName\":\"search_term_string\"}}],\"inLanguage\":\"en-US\"},{\"@type\":\"Organization\",\"@id\":\"https:\/\/durabilite-afrique-guinee.com\/#organization\",\"name\":\"DurabiliteAfrique\",\"url\":\"https:\/\/durabilite-afrique-guinee.com\/\",\"logo\":{\"@type\":\"ImageObject\",\"inLanguage\":\"en-US\",\"@id\":\"https:\/\/durabilite-afrique-guinee.com\/#\/schema\/logo\/image\/\",\"url\":\"https:\/\/durabilite-afrique-guinee.com\/wp-content\/uploads\/2025\/08\/cropped-Logo-FF-trans.png\",\"contentUrl\":\"https:\/\/durabilite-afrique-guinee.com\/wp-content\/uploads\/2025\/08\/cropped-Logo-FF-trans.png\",\"width\":1023,\"height\":340,\"caption\":\"DurabiliteAfrique\"},\"image\":{\"@id\":\"https:\/\/durabilite-afrique-guinee.com\/#\/schema\/logo\/image\/\"}}]}<\/script>\n<!-- \/ Yoast SEO plugin. -->","yoast_head_json":{"title":"Contact - DurabiliteAfrique","robots":{"index":"index","follow":"follow","max-snippet":"max-snippet:-1","max-image-preview":"max-image-preview:large","max-video-preview":"max-video-preview:-1"},"canonical":"https:\/\/durabilite-afrique-guinee.com\/en\/contact\/","og_locale":"en_US","og_type":"article","og_title":"Contact - DurabiliteAfrique","og_description":"Contact Vous n\u2019avez pas trouv\u00e9 votre r\u00e9ponse ? \ud83d\udc49 Si votre question ne figure pas dans cette section, n\u2019h\u00e9sitez pas \u00e0 nous \u00e9crire directement \u00e0 contact@durabilite-afrique-guin\u00e9e.com","og_url":"https:\/\/durabilite-afrique-guinee.com\/en\/contact\/","og_site_name":"DurabiliteAfrique","article_modified_time":"2025-08-25T20:59:45+00:00","og_image":[{"url":"https:\/\/durabilite-afrique-guinee.com\/wp-content\/uploads\/2025\/08\/Photo-plante-transparent-1-1024x683.png","type":"","width":"","height":""}],"twitter_card":"summary_large_image","twitter_misc":{"Est. reading time":"1 minute"},"schema":{"@context":"https:\/\/schema.org","@graph":[{"@type":"WebPage","@id":"https:\/\/durabilite-afrique-guinee.com\/contact\/","url":"https:\/\/durabilite-afrique-guinee.com\/contact\/","name":"Contact - DurabiliteAfrique","isPartOf":{"@id":"https:\/\/durabilite-afrique-guinee.com\/#website"},"primaryImageOfPage":{"@id":"https:\/\/durabilite-afrique-guinee.com\/contact\/#primaryimage"},"image":{"@id":"https:\/\/durabilite-afrique-guinee.com\/contact\/#primaryimage"},"thumbnailUrl":"https:\/\/durabilite-afrique-guinee.com\/wp-content\/uploads\/2025\/08\/Photo-plante-transparent-1-1024x683.png","datePublished":"2025-08-07T15:03:07+00:00","dateModified":"2025-08-25T20:59:45+00:00","breadcrumb":{"@id":"https:\/\/durabilite-afrique-guinee.com\/contact\/#breadcrumb"},"inLanguage":"en-US","potentialAction":[{"@type":"ReadAction","target":["https:\/\/durabilite-afrique-guinee.com\/contact\/"]}]},{"@type":"ImageObject","inLanguage":"en-US","@id":"https:\/\/durabilite-afrique-guinee.com\/contact\/#primaryimage","url":"https:\/\/durabilite-afrique-guinee.com\/wp-content\/uploads\/2025\/08\/Photo-plante-transparent-1-1024x683.png","contentUrl":"https:\/\/durabilite-afrique-guinee.com\/wp-content\/uploads\/2025\/08\/Photo-plante-transparent-1-1024x683.png"},{"@type":"BreadcrumbList","@id":"https:\/\/durabilite-afrique-guinee.com\/contact\/#breadcrumb","itemListElement":[{"@type":"ListItem","position":1,"name":"Accueil","item":"https:\/\/durabilite-afrique-guinee.com\/"},{"@type":"ListItem","position":2,"name":"Contact"}]},{"@type":"WebSite","@id":"https:\/\/durabilite-afrique-guinee.com\/#website","url":"https:\/\/durabilite-afrique-guinee.com\/","name":"DurabiliteAfrique","description":"Agir pour une Afrique durable et plus r\u00e9siliente face aux changements climatiques","publisher":{"@id":"https:\/\/durabilite-afrique-guinee.com\/#organization"},"potentialAction":[{"@type":"SearchAction","target":{"@type":"EntryPoint","urlTemplate":"https:\/\/durabilite-afrique-guinee.com\/?s={search_term_string}"},"query-input":{"@type":"PropertyValueSpecification","valueRequired":true,"valueName":"search_term_string"}}],"inLanguage":"en-US"},{"@type":"Organization","@id":"https:\/\/durabilite-afrique-guinee.com\/#organization","name":"DurabiliteAfrique","url":"https:\/\/durabilite-afrique-guinee.com\/","logo":{"@type":"ImageObject","inLanguage":"en-US","@id":"https:\/\/durabilite-afrique-guinee.com\/#\/schema\/logo\/image\/","url":"https:\/\/durabilite-afrique-guinee.com\/wp-content\/uploads\/2025\/08\/cropped-Logo-FF-trans.png","contentUrl":"https:\/\/durabilite-afrique-guinee.com\/wp-content\/uploads\/2025\/08\/cropped-Logo-FF-trans.png","width":1023,"height":340,"caption":"DurabiliteAfrique"},"image":{"@id":"https:\/\/durabilite-afrique-guinee.com\/#\/schema\/logo\/image\/"}}]}},"uagb_featured_image_src":{"full":false,"thumbnail":false,"medium":false,"medium_large":false,"large":false,"1536x1536":false,"2048x2048":false,"trp-custom-language-flag":false,"woocommerce_thumbnail":false,"woocommerce_single":false,"woocommerce_gallery_thumbnail":false},"uagb_author_info":{"display_name":"mantycamara_adm","author_link":"https:\/\/durabilite-afrique-guinee.com\/en\/author\/mantycamara_adm\/"},"uagb_comment_info":0,"uagb_excerpt":"Contact Vous n\u2019avez pas trouv\u00e9 votre r\u00e9ponse ? \ud83d\udc49 Si votre question ne figure pas dans cette section, n\u2019h\u00e9sitez pas \u00e0 nous \u00e9crire directement \u00e0 contact@durabilite-afrique-guin\u00e9e.com","jetpack_sharing_enabled":true,"_links":{"self":[{"href":"https:\/\/durabilite-afrique-guinee.com\/en\/wp-json\/wp\/v2\/pages\/3614","targetHints":{"allow":["GET"]}}],"collection":[{"href":"https:\/\/durabilite-afrique-guinee.com\/en\/wp-json\/wp\/v2\/pages"}],"about":[{"href":"https:\/\/durabilite-afrique-guinee.com\/en\/wp-json\/wp\/v2\/types\/page"}],"author":[{"embeddable":true,"href":"https:\/\/durabilite-afrique-guinee.com\/en\/wp-json\/wp\/v2\/users\/1"}],"replies":[{"embeddable":true,"href":"https:\/\/durabilite-afrique-guinee.com\/en\/wp-json\/wp\/v2\/comments?post=3614"}],"version-history":[{"count":8,"href":"https:\/\/durabilite-afrique-guinee.com\/en\/wp-json\/wp\/v2\/pages\/3614\/revisions"}],"predecessor-version":[{"id":5964,"href":"https:\/\/durabilite-afrique-guinee.com\/en\/wp-json\/wp\/v2\/pages\/3614\/revisions\/5964"}],"wp:attachment":[{"href":"https:\/\/durabilite-afrique-guinee.com\/en\/wp-json\/wp\/v2\/media?parent=3614"}],"curies":[{"name":"wp","href":"https:\/\/api.w.org\/{rel}","templated":true}]}}