{"id":3612,"date":"2025-08-07T15:03:07","date_gmt":"2025-08-07T15:03:07","guid":{"rendered":"https:\/\/durabilite-afrique-guinee.com\/about\/"},"modified":"2025-08-20T18:16:19","modified_gmt":"2025-08-20T18:16:19","slug":"apropos","status":"publish","type":"page","link":"https:\/\/durabilite-afrique-guinee.com\/en\/apropos\/","title":{"rendered":"About us"},"content":{"rendered":"<div class=\"wp-block-uagb-container uagb-block-35459231 alignfull uagb-is-root-container\"><div class=\"uagb-container-inner-blocks-wrap\">\n<div class=\"wp-block-uagb-advanced-heading uagb-block-b0540669\"><h2 class=\"uagb-heading-text\">About us<\/h2><\/div>\n<\/div><\/div>\n\n\n\n<div class=\"wp-block-uagb-container uagb-block-96eb9c65 alignfull uagb-is-root-container\"><div class=\"uagb-container-inner-blocks-wrap\">\n<div class=\"wp-block-uagb-image aligncenter uagb-block-60c29e86 wp-block-uagb-image--layout-default wp-block-uagb-image--effect-static wp-block-uagb-image--align-center\"><figure class=\"wp-block-uagb-image__figure\"><img decoding=\"async\" srcset=\"https:\/\/durabilite-afrique-guinee.com\/wp-content\/uploads\/2025\/08\/photo-canva-plante-3.png ,https:\/\/durabilite-afrique-guinee.com\/wp-content\/uploads\/2025\/08\/photo-canva-plante-3.png 780w, https:\/\/durabilite-afrique-guinee.com\/wp-content\/uploads\/2025\/08\/photo-canva-plante-3.png 360w\" sizes=\"auto, (max-width: 480px) 150px\" src=\"https:\/\/durabilite-afrique-guinee.com\/wp-content\/uploads\/2025\/08\/photo-canva-plante-3.png\" alt=\"photo canva plante\" class=\"uag-image-5894\" width=\"164\" height=\"96\" title=\"photo canva plant\" loading=\"lazy\" role=\"img\"\/><\/figure><\/div>\n\n\n\n<div class=\"wp-block-columns is-layout-flex wp-container-core-columns-is-layout-28f84493 wp-block-columns-is-layout-flex\">\n<div class=\"wp-block-column is-layout-flow wp-block-column-is-layout-flow\"><\/div>\n<\/div>\n\n\n\n<div class=\"wp-block-columns is-layout-flex wp-container-core-columns-is-layout-28f84493 wp-block-columns-is-layout-flex\">\n<div class=\"wp-block-column is-layout-flow wp-block-column-is-layout-flow\" style=\"flex-basis:33.34%\">\n<div class=\"wp-block-uagb-image uagb-block-201c84c3 wp-block-uagb-image--layout-default wp-block-uagb-image--effect-static wp-block-uagb-image--align-none\"><figure class=\"wp-block-uagb-image__figure\"><img decoding=\"async\" srcset=\"https:\/\/durabilite-afrique-guinee.com\/wp-content\/uploads\/2025\/08\/Manty-3.png ,https:\/\/durabilite-afrique-guinee.com\/wp-content\/uploads\/2025\/08\/Manty-3.png 780w, https:\/\/durabilite-afrique-guinee.com\/wp-content\/uploads\/2025\/08\/Manty-3.png 360w\" sizes=\"auto, (max-width: 480px) 150px\" src=\"https:\/\/durabilite-afrique-guinee.com\/wp-content\/uploads\/2025\/08\/Manty-3.png\" alt=\"manty 3\" class=\"uag-image-5736\" width=\"512\" height=\"512\" title=\"manty 3\" loading=\"lazy\" role=\"img\"\/><\/figure><\/div>\n<\/div>\n\n\n\n<div class=\"wp-block-column is-layout-flow wp-block-column-is-layout-flow\" style=\"flex-basis:33.34%\">\n<div class=\"wp-block-group alignfull is-content-justification-center is-layout-constrained wp-block-group-is-layout-constrained\" style=\"margin-top:0;margin-bottom:0\">\n<div style=\"height:0\" aria-hidden=\"true\" class=\"wp-block-spacer\"><\/div>\n\n\n\n<div class=\"wp-block-columns is-layout-flex wp-container-core-columns-is-layout-28f84493 wp-block-columns-is-layout-flex\">\n<div class=\"wp-block-column is-layout-flow wp-block-column-is-layout-flow\"><\/div>\n\n\n\n<div class=\"wp-block-column is-layout-flow wp-block-column-is-layout-flow\"><\/div>\n<\/div>\n\n\n\n<h2 class=\"wp-block-heading has-ast-global-color-3-color has-text-color has-link-color wp-elements-39096f54cd76ddf61e14a0bf02e4993e\">Manty Camara Independent sustainability consultant<\/h2>\n\n\n\t\t\t\t\t<div\n\t\t\t\t\t\tclass=\"wp-block-uagb-image-gallery uagb-block-b543e9f1\"\n\t\t\t\t\t\tstyle=\"\"\n\t\t\t\t\t>\n\t\t\t\t\t\t\t\t\t\t\t<div class=\"spectra-image-gallery spectra-image-gallery__layout--tiled spectra-image-gallery__layout--tiled-col-3 spectra-image-gallery__layout--tiled-col-tab-3 spectra-image-gallery__layout--tiled-col-mob-2\">\n\t\t\t\t\t\t\t\t\t\t\t<div class='spectra-image-gallery__media-wrapper' data-spectra-gallery-image-id='5516' tabindex=\"0\">\n\t\t\t\t\t\t\t<div class=\"spectra-image-gallery__media spectra-image-gallery__media--tiled\">\n\t\t\t\t<picture>\n\t\t\t\t\t<source media=\"(min-width: 1024px)\" srcset=\"https:\/\/durabilite-afrique-guinee.com\/wp-content\/uploads\/2025\/08\/leaves-free-img-150x150-1.png\">\n\t\t\t\t\t<source media=\"(min-width: 768px)\" srcset=\"https:\/\/durabilite-afrique-guinee.com\/wp-content\/uploads\/2025\/08\/leaves-free-img-150x150-1.png\">\n\t\t\t\t\t<img decoding=\"async\" class=\"spectra-image-gallery__media-thumbnail spectra-image-gallery__media-thumbnail--tiled\" src=\"https:\/\/durabilite-afrique-guinee.com\/wp-content\/uploads\/2025\/08\/leaves-free-img-150x150-1.png\" alt=\"leaves free img 150x150.png\" loading=\"lazy\" title=\"About us\">\n\t\t\t\t<\/picture>\n\t\t\t\t<div class=\"spectra-image-gallery__media-thumbnail-blurrer\"><\/div>\n\t\t\t\t\t\t\t\t\t\t\t<div class=\"spectra-image-gallery__media-thumbnail-caption-wrapper spectra-image-gallery__media-thumbnail-caption-wrapper--overlay\"><\/div>\n\t\t\t\t\t\t\t\t<\/div>\n\t\t\t\t\t\t<\/div>\n\t\t\t\t\t\t\t\t\t\t\t<div class=\"spectra-image-gallery__media-sizer\"><\/div>\n\t\t\t\t\t\t\t<\/div>\n\t\t\t\t\t\t\t\t\t\t\t<\/div>\n\t\t\t\t\t\t\t\t\t<\/div>\n<\/div>\n<\/div>\n<\/div><\/div>\n\n\n\n<div class=\"wp-block-uagb-container uagb-block-8632bd39 alignfull uagb-is-root-container\"><div class=\"uagb-container-inner-blocks-wrap\">\n<div class=\"wp-block-uagb-info-box uagb-block-cc54550a uagb-infobox__content-wrap  uagb-infobox-icon-above-title uagb-infobox-image-valign-top\"><div class=\"uagb-ifb-content\"><div class=\"uagb-ifb-title-wrap\"><\/div><p class=\"uagb-ifb-desc\">With a master's degree in environmental science from the University of Geneva and a diploma in sustainable development from Laval University, we work with a network of specialized partners to help institutions, local authorities, NGOs, businesses and development players design, implement and promote their sustainable initiatives.<br><br>\ud83d\udcbc What we offer:<br>- Strategic sustainability consulting<br>- Analysis of socio-environmental and climatic impacts<br>- Communication and awareness-raising<br>- Training and capacity building<br>- Monitoring, research and writing<br><br>\ud83c\udf0d Why work with us?<br>- Expertise focused on adaptation to climate change in Africa<br>- Special attention to vulnerable areas, particularly in Guinea<br>- A flexible approach tailored to your needs<br><br>\u2728 <strong>Our added value<\/strong><br>We combine scientific rigor and field experience to develop solutions adapted to African realities, combining global vision and local impact.<br><br>\ud83d\udc49 Don't hesitate to contact us to discuss your projects or share your ideas. Together, let's build a more resilient Africa in the face of climate and social challenges.<br><br><br><\/p><\/div><\/div>\n\n\n\n<div class=\"wp-block-columns is-layout-flex wp-container-core-columns-is-layout-28f84493 wp-block-columns-is-layout-flex\">\n<div class=\"wp-block-column is-layout-flow wp-block-column-is-layout-flow\" style=\"flex-basis:50%\">\n<div class=\"wp-block-uagb-image uagb-block-3f21b83f wp-block-uagb-image--layout-default wp-block-uagb-image--effect-static wp-block-uagb-image--align-none\"><figure class=\"wp-block-uagb-image__figure\"><img decoding=\"async\" srcset=\"https:\/\/durabilite-afrique-guinee.com\/wp-content\/uploads\/2025\/08\/leaves-free-img-300x237-1.png ,https:\/\/durabilite-afrique-guinee.com\/wp-content\/uploads\/2025\/08\/leaves-free-img-300x237-1.png 780w, https:\/\/durabilite-afrique-guinee.com\/wp-content\/uploads\/2025\/08\/leaves-free-img-300x237-1.png 360w\" sizes=\"auto, (max-width: 480px) 150px\" src=\"https:\/\/durabilite-afrique-guinee.com\/wp-content\/uploads\/2025\/08\/leaves-free-img-300x237-1.png\" alt=\"leaves free img 300x237.png\" class=\"uag-image-5517\" width=\"150\" height=\"150\" title=\"leaves free img 300x237.png\" loading=\"lazy\" role=\"img\"\/><\/figure><\/div>\n<\/div>\n\n\n\n<div class=\"wp-block-column is-layout-flow wp-block-column-is-layout-flow\" style=\"flex-basis:50%\"><\/div>\n<\/div>\n<\/div><\/div>","protected":false},"excerpt":{"rendered":"<p>\u00c0 propos Manty Camara Conseill\u00e8re ind\u00e9pendante en durabilit\u00e9<\/p>","protected":false},"author":1,"featured_media":0,"parent":0,"menu_order":0,"comment_status":"closed","ping_status":"closed","template":"","meta":{"_uag_custom_page_level_css":"","site-sidebar-layout":"no-sidebar","site-content-layout":"plain-container","ast-site-content-layout":"full-width-container","site-content-style":"unboxed","site-sidebar-style":"unboxed","ast-global-header-display":"","ast-banner-title-visibility":"","ast-main-header-display":"","ast-hfb-above-header-display":"","ast-hfb-below-header-display":"","ast-hfb-mobile-header-display":"","site-post-title":"disabled","ast-breadcrumbs-content":"","ast-featured-img":"disabled","footer-sml-layout":"","theme-transparent-header-meta":"enabled","adv-header-id-meta":"","stick-header-meta":"","header-above-stick-meta":"","header-main-stick-meta":"","header-below-stick-meta":"","astra-migrate-meta-layouts":"set","ast-page-background-enabled":"default","ast-page-background-meta":{"desktop":{"background-color":"","background-image":"","background-repeat":"repeat","background-position":"center center","background-size":"auto","background-attachment":"scroll","background-type":"","background-media":"","overlay-type":"","overlay-color":"","overlay-opacity":"","overlay-gradient":""},"tablet":{"background-color":"","background-image":"","background-repeat":"repeat","background-position":"center center","background-size":"auto","background-attachment":"scroll","background-type":"","background-media":"","overlay-type":"","overlay-color":"","overlay-opacity":"","overlay-gradient":""},"mobile":{"background-color":"","background-image":"","background-repeat":"repeat","background-position":"center center","background-size":"auto","background-attachment":"scroll","background-type":"","background-media":"","overlay-type":"","overlay-color":"","overlay-opacity":"","overlay-gradient":""}},"ast-content-background-meta":{"desktop":{"background-color":"var(--ast-global-color-5)","background-image":"","background-repeat":"repeat","background-position":"center center","background-size":"auto","background-attachment":"scroll","background-type":"","background-media":"","overlay-type":"","overlay-color":"","overlay-opacity":"","overlay-gradient":""},"tablet":{"background-color":"var(--ast-global-color-5)","background-image":"","background-repeat":"repeat","background-position":"center center","background-size":"auto","background-attachment":"scroll","background-type":"","background-media":"","overlay-type":"","overlay-color":"","overlay-opacity":"","overlay-gradient":""},"mobile":{"background-color":"var(--ast-global-color-5)","background-image":"","background-repeat":"repeat","background-position":"center center","background-size":"auto","background-attachment":"scroll","background-type":"","background-media":"","overlay-type":"","overlay-color":"","overlay-opacity":"","overlay-gradient":""}},"jetpack_post_was_ever_published":false,"footnotes":""},"class_list":["post-3612","page","type-page","status-publish","hentry"],"yoast_head":"<!-- This site is optimized with the Yoast SEO plugin v25.8 - https:\/\/yoast.com\/wordpress\/plugins\/seo\/ -->\n<title>\u00c0 propos - DurabiliteAfrique<\/title>\n<meta name=\"robots\" content=\"index, follow, max-snippet:-1, max-image-preview:large, max-video-preview:-1\" \/>\n<link rel=\"canonical\" href=\"https:\/\/durabilite-afrique-guinee.com\/en\/apropos\/\" \/>\n<meta property=\"og:locale\" content=\"en_US\" \/>\n<meta property=\"og:type\" content=\"article\" \/>\n<meta property=\"og:title\" content=\"\u00c0 propos - DurabiliteAfrique\" \/>\n<meta property=\"og:description\" content=\"\u00c0 propos Manty Camara Conseill\u00e8re ind\u00e9pendante en durabilit\u00e9\" \/>\n<meta property=\"og:url\" content=\"https:\/\/durabilite-afrique-guinee.com\/en\/apropos\/\" \/>\n<meta property=\"og:site_name\" content=\"DurabiliteAfrique\" \/>\n<meta property=\"article:modified_time\" content=\"2025-08-20T18:16:19+00:00\" \/>\n<meta property=\"og:image\" content=\"https:\/\/durabilite-afrique-guinee.com\/wp-content\/uploads\/2025\/08\/photo-canva-plante-3.png\" \/>\n<meta name=\"twitter:card\" content=\"summary_large_image\" \/>\n<meta name=\"twitter:label1\" content=\"Est. reading time\" \/>\n\t<meta name=\"twitter:data1\" content=\"2 minutes\" \/>\n<script type=\"application\/ld+json\" class=\"yoast-schema-graph\">{\"@context\":\"https:\/\/schema.org\",\"@graph\":[{\"@type\":\"WebPage\",\"@id\":\"https:\/\/durabilite-afrique-guinee.com\/apropos\/\",\"url\":\"https:\/\/durabilite-afrique-guinee.com\/apropos\/\",\"name\":\"\u00c0 propos - DurabiliteAfrique\",\"isPartOf\":{\"@id\":\"https:\/\/durabilite-afrique-guinee.com\/#website\"},\"primaryImageOfPage\":{\"@id\":\"https:\/\/durabilite-afrique-guinee.com\/apropos\/#primaryimage\"},\"image\":{\"@id\":\"https:\/\/durabilite-afrique-guinee.com\/apropos\/#primaryimage\"},\"thumbnailUrl\":\"https:\/\/durabilite-afrique-guinee.com\/wp-content\/uploads\/2025\/08\/photo-canva-plante-3.png\",\"datePublished\":\"2025-08-07T15:03:07+00:00\",\"dateModified\":\"2025-08-20T18:16:19+00:00\",\"breadcrumb\":{\"@id\":\"https:\/\/durabilite-afrique-guinee.com\/apropos\/#breadcrumb\"},\"inLanguage\":\"en-US\",\"potentialAction\":[{\"@type\":\"ReadAction\",\"target\":[\"https:\/\/durabilite-afrique-guinee.com\/apropos\/\"]}]},{\"@type\":\"ImageObject\",\"inLanguage\":\"en-US\",\"@id\":\"https:\/\/durabilite-afrique-guinee.com\/apropos\/#primaryimage\",\"url\":\"https:\/\/durabilite-afrique-guinee.com\/wp-content\/uploads\/2025\/08\/photo-canva-plante-3.png\",\"contentUrl\":\"https:\/\/durabilite-afrique-guinee.com\/wp-content\/uploads\/2025\/08\/photo-canva-plante-3.png\"},{\"@type\":\"BreadcrumbList\",\"@id\":\"https:\/\/durabilite-afrique-guinee.com\/apropos\/#breadcrumb\",\"itemListElement\":[{\"@type\":\"ListItem\",\"position\":1,\"name\":\"Accueil\",\"item\":\"https:\/\/durabilite-afrique-guinee.com\/\"},{\"@type\":\"ListItem\",\"position\":2,\"name\":\"\u00c0 propos\"}]},{\"@type\":\"WebSite\",\"@id\":\"https:\/\/durabilite-afrique-guinee.com\/#website\",\"url\":\"https:\/\/durabilite-afrique-guinee.com\/\",\"name\":\"DurabiliteAfrique\",\"description\":\"Agir pour une Afrique durable et plus r\u00e9siliente face aux changements climatiques\",\"publisher\":{\"@id\":\"https:\/\/durabilite-afrique-guinee.com\/#organization\"},\"potentialAction\":[{\"@type\":\"SearchAction\",\"target\":{\"@type\":\"EntryPoint\",\"urlTemplate\":\"https:\/\/durabilite-afrique-guinee.com\/?s={search_term_string}\"},\"query-input\":{\"@type\":\"PropertyValueSpecification\",\"valueRequired\":true,\"valueName\":\"search_term_string\"}}],\"inLanguage\":\"en-US\"},{\"@type\":\"Organization\",\"@id\":\"https:\/\/durabilite-afrique-guinee.com\/#organization\",\"name\":\"DurabiliteAfrique\",\"url\":\"https:\/\/durabilite-afrique-guinee.com\/\",\"logo\":{\"@type\":\"ImageObject\",\"inLanguage\":\"en-US\",\"@id\":\"https:\/\/durabilite-afrique-guinee.com\/#\/schema\/logo\/image\/\",\"url\":\"https:\/\/durabilite-afrique-guinee.com\/wp-content\/uploads\/2025\/08\/cropped-Logo-FF-trans.png\",\"contentUrl\":\"https:\/\/durabilite-afrique-guinee.com\/wp-content\/uploads\/2025\/08\/cropped-Logo-FF-trans.png\",\"width\":1023,\"height\":340,\"caption\":\"DurabiliteAfrique\"},\"image\":{\"@id\":\"https:\/\/durabilite-afrique-guinee.com\/#\/schema\/logo\/image\/\"}}]}<\/script>\n<!-- \/ Yoast SEO plugin. -->","yoast_head_json":{"title":"\u00c0 propos - DurabiliteAfrique","robots":{"index":"index","follow":"follow","max-snippet":"max-snippet:-1","max-image-preview":"max-image-preview:large","max-video-preview":"max-video-preview:-1"},"canonical":"https:\/\/durabilite-afrique-guinee.com\/en\/apropos\/","og_locale":"en_US","og_type":"article","og_title":"\u00c0 propos - DurabiliteAfrique","og_description":"\u00c0 propos Manty Camara Conseill\u00e8re ind\u00e9pendante en durabilit\u00e9","og_url":"https:\/\/durabilite-afrique-guinee.com\/en\/apropos\/","og_site_name":"DurabiliteAfrique","article_modified_time":"2025-08-20T18:16:19+00:00","og_image":[{"url":"https:\/\/durabilite-afrique-guinee.com\/wp-content\/uploads\/2025\/08\/photo-canva-plante-3.png","type":"","width":"","height":""}],"twitter_card":"summary_large_image","twitter_misc":{"Est. reading time":"2 minutes"},"schema":{"@context":"https:\/\/schema.org","@graph":[{"@type":"WebPage","@id":"https:\/\/durabilite-afrique-guinee.com\/apropos\/","url":"https:\/\/durabilite-afrique-guinee.com\/apropos\/","name":"\u00c0 propos - DurabiliteAfrique","isPartOf":{"@id":"https:\/\/durabilite-afrique-guinee.com\/#website"},"primaryImageOfPage":{"@id":"https:\/\/durabilite-afrique-guinee.com\/apropos\/#primaryimage"},"image":{"@id":"https:\/\/durabilite-afrique-guinee.com\/apropos\/#primaryimage"},"thumbnailUrl":"https:\/\/durabilite-afrique-guinee.com\/wp-content\/uploads\/2025\/08\/photo-canva-plante-3.png","datePublished":"2025-08-07T15:03:07+00:00","dateModified":"2025-08-20T18:16:19+00:00","breadcrumb":{"@id":"https:\/\/durabilite-afrique-guinee.com\/apropos\/#breadcrumb"},"inLanguage":"en-US","potentialAction":[{"@type":"ReadAction","target":["https:\/\/durabilite-afrique-guinee.com\/apropos\/"]}]},{"@type":"ImageObject","inLanguage":"en-US","@id":"https:\/\/durabilite-afrique-guinee.com\/apropos\/#primaryimage","url":"https:\/\/durabilite-afrique-guinee.com\/wp-content\/uploads\/2025\/08\/photo-canva-plante-3.png","contentUrl":"https:\/\/durabilite-afrique-guinee.com\/wp-content\/uploads\/2025\/08\/photo-canva-plante-3.png"},{"@type":"BreadcrumbList","@id":"https:\/\/durabilite-afrique-guinee.com\/apropos\/#breadcrumb","itemListElement":[{"@type":"ListItem","position":1,"name":"Accueil","item":"https:\/\/durabilite-afrique-guinee.com\/"},{"@type":"ListItem","position":2,"name":"\u00c0 propos"}]},{"@type":"WebSite","@id":"https:\/\/durabilite-afrique-guinee.com\/#website","url":"https:\/\/durabilite-afrique-guinee.com\/","name":"DurabiliteAfrique","description":"Agir pour une Afrique durable et plus r\u00e9siliente face aux changements climatiques","publisher":{"@id":"https:\/\/durabilite-afrique-guinee.com\/#organization"},"potentialAction":[{"@type":"SearchAction","target":{"@type":"EntryPoint","urlTemplate":"https:\/\/durabilite-afrique-guinee.com\/?s={search_term_string}"},"query-input":{"@type":"PropertyValueSpecification","valueRequired":true,"valueName":"search_term_string"}}],"inLanguage":"en-US"},{"@type":"Organization","@id":"https:\/\/durabilite-afrique-guinee.com\/#organization","name":"DurabiliteAfrique","url":"https:\/\/durabilite-afrique-guinee.com\/","logo":{"@type":"ImageObject","inLanguage":"en-US","@id":"https:\/\/durabilite-afrique-guinee.com\/#\/schema\/logo\/image\/","url":"https:\/\/durabilite-afrique-guinee.com\/wp-content\/uploads\/2025\/08\/cropped-Logo-FF-trans.png","contentUrl":"https:\/\/durabilite-afrique-guinee.com\/wp-content\/uploads\/2025\/08\/cropped-Logo-FF-trans.png","width":1023,"height":340,"caption":"DurabiliteAfrique"},"image":{"@id":"https:\/\/durabilite-afrique-guinee.com\/#\/schema\/logo\/image\/"}}]}},"uagb_featured_image_src":{"full":false,"thumbnail":false,"medium":false,"medium_large":false,"large":false,"1536x1536":false,"2048x2048":false,"trp-custom-language-flag":false,"woocommerce_thumbnail":false,"woocommerce_single":false,"woocommerce_gallery_thumbnail":false},"uagb_author_info":{"display_name":"mantycamara_adm","author_link":"https:\/\/durabilite-afrique-guinee.com\/en\/author\/mantycamara_adm\/"},"uagb_comment_info":0,"uagb_excerpt":"\u00c0 propos Manty Camara Conseill\u00e8re ind\u00e9pendante en durabilit\u00e9","jetpack_sharing_enabled":true,"_links":{"self":[{"href":"https:\/\/durabilite-afrique-guinee.com\/en\/wp-json\/wp\/v2\/pages\/3612","targetHints":{"allow":["GET"]}}],"collection":[{"href":"https:\/\/durabilite-afrique-guinee.com\/en\/wp-json\/wp\/v2\/pages"}],"about":[{"href":"https:\/\/durabilite-afrique-guinee.com\/en\/wp-json\/wp\/v2\/types\/page"}],"author":[{"embeddable":true,"href":"https:\/\/durabilite-afrique-guinee.com\/en\/wp-json\/wp\/v2\/users\/1"}],"replies":[{"embeddable":true,"href":"https:\/\/durabilite-afrique-guinee.com\/en\/wp-json\/wp\/v2\/comments?post=3612"}],"version-history":[{"count":21,"href":"https:\/\/durabilite-afrique-guinee.com\/en\/wp-json\/wp\/v2\/pages\/3612\/revisions"}],"predecessor-version":[{"id":5983,"href":"https:\/\/durabilite-afrique-guinee.com\/en\/wp-json\/wp\/v2\/pages\/3612\/revisions\/5983"}],"wp:attachment":[{"href":"https:\/\/durabilite-afrique-guinee.com\/en\/wp-json\/wp\/v2\/media?parent=3612"}],"curies":[{"name":"wp","href":"https:\/\/api.w.org\/{rel}","templated":true}]}}